{"id":1011,"date":"2025-06-20T07:04:20","date_gmt":"2025-06-20T07:04:20","guid":{"rendered":"https:\/\/hmtorx.com\/?post_type=product&#038;p=1011"},"modified":"2025-06-20T07:47:44","modified_gmt":"2025-06-20T07:47:44","slug":"iver-vijak-o-45","status":"publish","type":"product","link":"https:\/\/hmtorx.com\/?product=iver-vijak-o-45","title":{"rendered":"Iver vijak \u00d8 4,5"},"content":{"rendered":"<p><strong>Iver vijak za drvo<\/strong><\/p>\n<ul>\n<li>koristi se za spajanje drva<\/li>\n<li>nije potrebno pred bu\u0161enje<\/li>\n<li>upu\u0161tena le\u010dasta glava<\/li>\n<li>\u010delik, \u017eutocin\u010dano<\/li>\n<li>mo\u017ee se koristiti u kombinaciji s tiplom\u00a0\u00d8 8<\/li>\n<li>PZ kri\u017eni prihvat u glavi vijka, koristiti bit PZ 2<\/li>\n<li>mala vjerojatnost od lomljenja vijka<\/li>\n<\/ul>\n<ul class=\"tehnicki-list-default\">\n<li>Mjerna jedinica:kom<\/li>\n<li>Tip:Iver vijak<\/li>\n<li>Du\u017eina:12 mm<\/li>\n<li>Promjer:4.5<\/li>\n<li>Navoj:cijeli \/ pola<\/li>\n<li>Glava:Upu\u0161tena<\/li>\n<\/ul>\n","protected":false},"excerpt":{"rendered":"<p>Iver vijak za drvo koristi se za spajanje drva nije potrebno pred bu\u0161enje upu\u0161tena le\u010dasta glava \u010delik, \u017eutocin\u010dano mo\u017ee se koristiti u kombinaciji s tiplom\u00a0\u00d8 8 PZ kri\u017eni prihvat u glavi vijka, koristiti bit PZ&hellip;<\/p>\n","protected":false},"featured_media":1012,"template":"","meta":[],"product_brand":[],"product_cat":[34,234,236],"product_tag":[],"class_list":{"0":"post-1011","1":"product","2":"type-product","3":"status-publish","4":"has-post-thumbnail","6":"product_cat-vijcanaroba","7":"product_cat-vijci","8":"product_cat-iver-vijak","10":"first","11":"instock","12":"shipping-taxable","13":"product-type-simple"},"yoast_head":"<!-- This site is optimized with the Yoast SEO plugin v26.9 - https:\/\/yoast.com\/product\/yoast-seo-wordpress\/ -->\n<title>Iver vijak \u00d8 4,5 - HM Torx<\/title>\n<meta name=\"robots\" content=\"index, follow, max-snippet:-1, max-image-preview:large, max-video-preview:-1\" \/>\n<link rel=\"canonical\" href=\"https:\/\/hmtorx.com\/?product=iver-vijak-o-45\" \/>\n<meta property=\"og:locale\" content=\"hr_HR\" \/>\n<meta property=\"og:type\" content=\"article\" \/>\n<meta property=\"og:title\" content=\"Iver vijak \u00d8 4,5 - HM Torx\" \/>\n<meta property=\"og:description\" content=\"Iver vijak za drvo koristi se za spajanje drva nije potrebno pred bu\u0161enje upu\u0161tena le\u010dasta glava \u010delik, \u017eutocin\u010dano mo\u017ee se koristiti u kombinaciji s tiplom\u00a0\u00d8 8 PZ kri\u017eni prihvat u glavi vijka, koristiti bit PZ&hellip;\" \/>\n<meta property=\"og:url\" content=\"https:\/\/hmtorx.com\/?product=iver-vijak-o-45\" \/>\n<meta property=\"og:site_name\" content=\"HM Torx\" \/>\n<meta property=\"article:publisher\" content=\"https:\/\/www.facebook.com\/share\/19LMwmMfxk\/\" \/>\n<meta property=\"article:modified_time\" content=\"2025-06-20T07:47:44+00:00\" \/>\n<meta property=\"og:image\" content=\"https:\/\/hmtorx.com\/wp-content\/uploads\/2025\/06\/102213.jpg\" \/>\n\t<meta property=\"og:image:width\" content=\"800\" \/>\n\t<meta property=\"og:image:height\" content=\"800\" \/>\n\t<meta property=\"og:image:type\" content=\"image\/jpeg\" \/>\n<meta name=\"twitter:card\" content=\"summary_large_image\" \/>\n<script type=\"application\/ld+json\" class=\"yoast-schema-graph\">{\"@context\":\"https:\/\/schema.org\",\"@graph\":[{\"@type\":\"WebPage\",\"@id\":\"https:\/\/hmtorx.com\/?product=iver-vijak-o-45\",\"url\":\"https:\/\/hmtorx.com\/?product=iver-vijak-o-45\",\"name\":\"Iver vijak \u00d8 4,5 - HM Torx\",\"isPartOf\":{\"@id\":\"https:\/\/hmtorx.com\/#website\"},\"primaryImageOfPage\":{\"@id\":\"https:\/\/hmtorx.com\/?product=iver-vijak-o-45#primaryimage\"},\"image\":{\"@id\":\"https:\/\/hmtorx.com\/?product=iver-vijak-o-45#primaryimage\"},\"thumbnailUrl\":\"https:\/\/hmtorx.com\/wp-content\/uploads\/2025\/06\/102213.jpg\",\"datePublished\":\"2025-06-20T07:04:20+00:00\",\"dateModified\":\"2025-06-20T07:47:44+00:00\",\"breadcrumb\":{\"@id\":\"https:\/\/hmtorx.com\/?product=iver-vijak-o-45#breadcrumb\"},\"inLanguage\":\"hr\",\"potentialAction\":[{\"@type\":\"ReadAction\",\"target\":[\"https:\/\/hmtorx.com\/?product=iver-vijak-o-45\"]}]},{\"@type\":\"ImageObject\",\"inLanguage\":\"hr\",\"@id\":\"https:\/\/hmtorx.com\/?product=iver-vijak-o-45#primaryimage\",\"url\":\"https:\/\/hmtorx.com\/wp-content\/uploads\/2025\/06\/102213.jpg\",\"contentUrl\":\"https:\/\/hmtorx.com\/wp-content\/uploads\/2025\/06\/102213.jpg\",\"width\":800,\"height\":800},{\"@type\":\"BreadcrumbList\",\"@id\":\"https:\/\/hmtorx.com\/?product=iver-vijak-o-45#breadcrumb\",\"itemListElement\":[{\"@type\":\"ListItem\",\"position\":1,\"name\":\"Po\u010detna stranica\",\"item\":\"https:\/\/hmtorx.com\/\"},{\"@type\":\"ListItem\",\"position\":2,\"name\":\"Shop\",\"item\":\"https:\/\/hmtorx.com\/?page_id=383\"},{\"@type\":\"ListItem\",\"position\":3,\"name\":\"Iver vijak \u00d8 4,5\"}]},{\"@type\":\"WebSite\",\"@id\":\"https:\/\/hmtorx.com\/#website\",\"url\":\"https:\/\/hmtorx.com\/\",\"name\":\"HM Torx\",\"description\":\"Pouzdana adresa za vij\u010danu robu i spojnu tehniku &#x1f529; Brza dostava po cijeloj Hrvatskoj &#x1f69a; Profesionalna podr\u0161ka i kvaliteta &#x1f4aa;&quot;\",\"publisher\":{\"@id\":\"https:\/\/hmtorx.com\/#organization\"},\"potentialAction\":[{\"@type\":\"SearchAction\",\"target\":{\"@type\":\"EntryPoint\",\"urlTemplate\":\"https:\/\/hmtorx.com\/?s={search_term_string}\"},\"query-input\":{\"@type\":\"PropertyValueSpecification\",\"valueRequired\":true,\"valueName\":\"search_term_string\"}}],\"inLanguage\":\"hr\"},{\"@type\":\"Organization\",\"@id\":\"https:\/\/hmtorx.com\/#organization\",\"name\":\"HM Torx\",\"url\":\"https:\/\/hmtorx.com\/\",\"logo\":{\"@type\":\"ImageObject\",\"inLanguage\":\"hr\",\"@id\":\"https:\/\/hmtorx.com\/#\/schema\/logo\/image\/\",\"url\":\"https:\/\/hmtorx.com\/wp-content\/uploads\/2024\/10\/cropped-cropped-438079154_7244428125680349_1223899737435675660_n-e1731452417653.jpg\",\"contentUrl\":\"https:\/\/hmtorx.com\/wp-content\/uploads\/2024\/10\/cropped-cropped-438079154_7244428125680349_1223899737435675660_n-e1731452417653.jpg\",\"width\":125,\"height\":100,\"caption\":\"HM Torx\"},\"image\":{\"@id\":\"https:\/\/hmtorx.com\/#\/schema\/logo\/image\/\"},\"sameAs\":[\"https:\/\/www.facebook.com\/share\/19LMwmMfxk\/\",\"https:\/\/www.instagram.com\/hmtorx?igsh=MW5sOWNqMjc5MmRrag==\"]}]}<\/script>\n<!-- \/ Yoast SEO plugin. -->","yoast_head_json":{"title":"Iver vijak \u00d8 4,5 - HM Torx","robots":{"index":"index","follow":"follow","max-snippet":"max-snippet:-1","max-image-preview":"max-image-preview:large","max-video-preview":"max-video-preview:-1"},"canonical":"https:\/\/hmtorx.com\/?product=iver-vijak-o-45","og_locale":"hr_HR","og_type":"article","og_title":"Iver vijak \u00d8 4,5 - HM Torx","og_description":"Iver vijak za drvo koristi se za spajanje drva nije potrebno pred bu\u0161enje upu\u0161tena le\u010dasta glava \u010delik, \u017eutocin\u010dano mo\u017ee se koristiti u kombinaciji s tiplom\u00a0\u00d8 8 PZ kri\u017eni prihvat u glavi vijka, koristiti bit PZ&hellip;","og_url":"https:\/\/hmtorx.com\/?product=iver-vijak-o-45","og_site_name":"HM Torx","article_publisher":"https:\/\/www.facebook.com\/share\/19LMwmMfxk\/","article_modified_time":"2025-06-20T07:47:44+00:00","og_image":[{"width":800,"height":800,"url":"https:\/\/hmtorx.com\/wp-content\/uploads\/2025\/06\/102213.jpg","type":"image\/jpeg"}],"twitter_card":"summary_large_image","schema":{"@context":"https:\/\/schema.org","@graph":[{"@type":"WebPage","@id":"https:\/\/hmtorx.com\/?product=iver-vijak-o-45","url":"https:\/\/hmtorx.com\/?product=iver-vijak-o-45","name":"Iver vijak \u00d8 4,5 - HM Torx","isPartOf":{"@id":"https:\/\/hmtorx.com\/#website"},"primaryImageOfPage":{"@id":"https:\/\/hmtorx.com\/?product=iver-vijak-o-45#primaryimage"},"image":{"@id":"https:\/\/hmtorx.com\/?product=iver-vijak-o-45#primaryimage"},"thumbnailUrl":"https:\/\/hmtorx.com\/wp-content\/uploads\/2025\/06\/102213.jpg","datePublished":"2025-06-20T07:04:20+00:00","dateModified":"2025-06-20T07:47:44+00:00","breadcrumb":{"@id":"https:\/\/hmtorx.com\/?product=iver-vijak-o-45#breadcrumb"},"inLanguage":"hr","potentialAction":[{"@type":"ReadAction","target":["https:\/\/hmtorx.com\/?product=iver-vijak-o-45"]}]},{"@type":"ImageObject","inLanguage":"hr","@id":"https:\/\/hmtorx.com\/?product=iver-vijak-o-45#primaryimage","url":"https:\/\/hmtorx.com\/wp-content\/uploads\/2025\/06\/102213.jpg","contentUrl":"https:\/\/hmtorx.com\/wp-content\/uploads\/2025\/06\/102213.jpg","width":800,"height":800},{"@type":"BreadcrumbList","@id":"https:\/\/hmtorx.com\/?product=iver-vijak-o-45#breadcrumb","itemListElement":[{"@type":"ListItem","position":1,"name":"Po\u010detna stranica","item":"https:\/\/hmtorx.com\/"},{"@type":"ListItem","position":2,"name":"Shop","item":"https:\/\/hmtorx.com\/?page_id=383"},{"@type":"ListItem","position":3,"name":"Iver vijak \u00d8 4,5"}]},{"@type":"WebSite","@id":"https:\/\/hmtorx.com\/#website","url":"https:\/\/hmtorx.com\/","name":"HM Torx","description":"Pouzdana adresa za vij\u010danu robu i spojnu tehniku &#x1f529; Brza dostava po cijeloj Hrvatskoj &#x1f69a; Profesionalna podr\u0161ka i kvaliteta &#x1f4aa;&quot;","publisher":{"@id":"https:\/\/hmtorx.com\/#organization"},"potentialAction":[{"@type":"SearchAction","target":{"@type":"EntryPoint","urlTemplate":"https:\/\/hmtorx.com\/?s={search_term_string}"},"query-input":{"@type":"PropertyValueSpecification","valueRequired":true,"valueName":"search_term_string"}}],"inLanguage":"hr"},{"@type":"Organization","@id":"https:\/\/hmtorx.com\/#organization","name":"HM Torx","url":"https:\/\/hmtorx.com\/","logo":{"@type":"ImageObject","inLanguage":"hr","@id":"https:\/\/hmtorx.com\/#\/schema\/logo\/image\/","url":"https:\/\/hmtorx.com\/wp-content\/uploads\/2024\/10\/cropped-cropped-438079154_7244428125680349_1223899737435675660_n-e1731452417653.jpg","contentUrl":"https:\/\/hmtorx.com\/wp-content\/uploads\/2024\/10\/cropped-cropped-438079154_7244428125680349_1223899737435675660_n-e1731452417653.jpg","width":125,"height":100,"caption":"HM Torx"},"image":{"@id":"https:\/\/hmtorx.com\/#\/schema\/logo\/image\/"},"sameAs":["https:\/\/www.facebook.com\/share\/19LMwmMfxk\/","https:\/\/www.instagram.com\/hmtorx?igsh=MW5sOWNqMjc5MmRrag=="]}]}},"jetpack_sharing_enabled":true,"_links":{"self":[{"href":"https:\/\/hmtorx.com\/index.php?rest_route=\/wp\/v2\/product\/1011","targetHints":{"allow":["GET"]}}],"collection":[{"href":"https:\/\/hmtorx.com\/index.php?rest_route=\/wp\/v2\/product"}],"about":[{"href":"https:\/\/hmtorx.com\/index.php?rest_route=\/wp\/v2\/types\/product"}],"wp:featuredmedia":[{"embeddable":true,"href":"https:\/\/hmtorx.com\/index.php?rest_route=\/wp\/v2\/media\/1012"}],"wp:attachment":[{"href":"https:\/\/hmtorx.com\/index.php?rest_route=%2Fwp%2Fv2%2Fmedia&parent=1011"}],"wp:term":[{"taxonomy":"product_brand","embeddable":true,"href":"https:\/\/hmtorx.com\/index.php?rest_route=%2Fwp%2Fv2%2Fproduct_brand&post=1011"},{"taxonomy":"product_cat","embeddable":true,"href":"https:\/\/hmtorx.com\/index.php?rest_route=%2Fwp%2Fv2%2Fproduct_cat&post=1011"},{"taxonomy":"product_tag","embeddable":true,"href":"https:\/\/hmtorx.com\/index.php?rest_route=%2Fwp%2Fv2%2Fproduct_tag&post=1011"}],"curies":[{"name":"wp","href":"https:\/\/api.w.org\/{rel}","templated":true}]}}