{"id":1005,"date":"2025-06-20T06:36:04","date_gmt":"2025-06-20T06:36:04","guid":{"rendered":"https:\/\/hmtorx.com\/?post_type=product&#038;p=1005"},"modified":"2025-06-20T06:36:04","modified_gmt":"2025-06-20T06:36:04","slug":"vijak-za-gips-ploce-za-metalne-profile-o35mm","status":"publish","type":"product","link":"https:\/\/hmtorx.com\/?product=vijak-za-gips-ploce-za-metalne-profile-o35mm","title":{"rendered":"Vijak za gips plo\u010de za metalne profile \u00d83,5mm"},"content":{"rendered":"<p>Vijak za gips plo\u010de za metalne profile \u00d83,5mm<\/p>\n<p>Slu\u017ei za pri\u010dvr\u0161\u0107ivanje gipskarton plo\u010de, vlaknaste gips plo\u010de ili drvene vunene plo\u010de sa cementnim vezivom za metalnu konstrukciju.<\/p>\n<p><strong>Materijal:<\/strong>\u00a0Nekorodiraju\u0107i metalni vijak sa fosfatnom oblogom<br \/>\n<strong>Podru\u010dje primjene:\u00a0<\/strong>Slu\u017ei za pri\u010dvr\u0161\u0107ivanje gipskarton plo\u010de, vlaknaste gips plo\u010de ili drvene vunene plo\u010de sa cementnim vezivom za metalnu konstrukciju. Razmak fiksiranja kod zidova 25 cm, stropova \u00a017 cm, dubina fiksiranja 10 mm.<\/p>\n","protected":false},"excerpt":{"rendered":"<p>Vijak za gips plo\u010de za metalne profile \u00d83,5mm<\/p>\n<p>Slu\u017ei za pri\u010dvr\u0161\u0107ivanje gipskarton plo\u010de, vlaknaste gips plo\u010de ili drvene vunene plo\u010de sa cementnim vezivom za metalnu konstrukciju.<\/p>\n<p><strong>Materijal:<\/strong>\u00a0Nekorodiraju\u0107i metalni vijak sa fosfatnom oblogom<br \/>\n<strong>Podru\u010dje primjene:\u00a0<\/strong>Slu\u017ei za pri\u010dvr\u0161\u0107ivanje gipskarton plo\u010de, vlaknaste gips plo\u010de ili drvene vunene plo\u010de sa cementnim vezivom za metalnu konstrukciju. Razmak fiksiranja kod zidova 25 cm, stropova \u00a017 cm, dubina fiksiranja 10 mm.<\/p>\n","protected":false},"featured_media":1006,"template":"","meta":[],"product_brand":[],"product_cat":[126],"product_tag":[],"class_list":{"0":"post-1005","1":"product","2":"type-product","3":"status-publish","4":"has-post-thumbnail","6":"product_cat-crni-vijak-za-knauf","8":"first","9":"instock","10":"sale","11":"shipping-taxable","12":"purchasable","13":"product-type-simple"},"yoast_head":"<!-- This site is optimized with the Yoast SEO plugin v26.9 - https:\/\/yoast.com\/product\/yoast-seo-wordpress\/ -->\n<title>Vijak za gips plo\u010de za metalne profile \u00d83,5mm - HM Torx<\/title>\n<meta name=\"robots\" content=\"index, follow, max-snippet:-1, max-image-preview:large, max-video-preview:-1\" \/>\n<link rel=\"canonical\" href=\"https:\/\/hmtorx.com\/?product=vijak-za-gips-ploce-za-metalne-profile-o35mm\" \/>\n<meta property=\"og:locale\" content=\"hr_HR\" \/>\n<meta property=\"og:type\" content=\"article\" \/>\n<meta property=\"og:title\" content=\"Vijak za gips plo\u010de za metalne profile \u00d83,5mm - HM Torx\" \/>\n<meta property=\"og:description\" content=\"Vijak za gips plo\u010de za metalne profile \u00d83,5mm  Slu\u017ei za pri\u010dvr\u0161\u0107ivanje gipskarton plo\u010de, vlaknaste gips plo\u010de ili drvene vunene plo\u010de sa cementnim vezivom za metalnu konstrukciju.  Materijal:\u00a0Nekorodiraju\u0107i metalni vijak sa fosfatnom oblogom Podru\u010dje primjene:\u00a0Slu\u017ei za pri\u010dvr\u0161\u0107ivanje gipskarton plo\u010de, vlaknaste gips plo\u010de ili drvene vunene plo\u010de sa cementnim vezivom za metalnu konstrukciju. Razmak fiksiranja kod zidova 25 cm, stropova \u00a017 cm, dubina fiksiranja 10 mm.\" \/>\n<meta property=\"og:url\" content=\"https:\/\/hmtorx.com\/?product=vijak-za-gips-ploce-za-metalne-profile-o35mm\" \/>\n<meta property=\"og:site_name\" content=\"HM Torx\" \/>\n<meta property=\"article:publisher\" content=\"https:\/\/www.facebook.com\/share\/19LMwmMfxk\/\" \/>\n<meta property=\"og:image\" content=\"https:\/\/hmtorx.com\/wp-content\/uploads\/2025\/06\/Snimka-zaslona-2025-06-20-083409.png\" \/>\n\t<meta property=\"og:image:width\" content=\"671\" \/>\n\t<meta property=\"og:image:height\" content=\"671\" \/>\n\t<meta property=\"og:image:type\" content=\"image\/png\" \/>\n<meta name=\"twitter:card\" content=\"summary_large_image\" \/>\n<script type=\"application\/ld+json\" class=\"yoast-schema-graph\">{\"@context\":\"https:\/\/schema.org\",\"@graph\":[{\"@type\":\"WebPage\",\"@id\":\"https:\/\/hmtorx.com\/?product=vijak-za-gips-ploce-za-metalne-profile-o35mm\",\"url\":\"https:\/\/hmtorx.com\/?product=vijak-za-gips-ploce-za-metalne-profile-o35mm\",\"name\":\"Vijak za gips plo\u010de za metalne profile \u00d83,5mm - HM Torx\",\"isPartOf\":{\"@id\":\"https:\/\/hmtorx.com\/#website\"},\"primaryImageOfPage\":{\"@id\":\"https:\/\/hmtorx.com\/?product=vijak-za-gips-ploce-za-metalne-profile-o35mm#primaryimage\"},\"image\":{\"@id\":\"https:\/\/hmtorx.com\/?product=vijak-za-gips-ploce-za-metalne-profile-o35mm#primaryimage\"},\"thumbnailUrl\":\"https:\/\/hmtorx.com\/wp-content\/uploads\/2025\/06\/Snimka-zaslona-2025-06-20-083409.png\",\"datePublished\":\"2025-06-20T06:36:04+00:00\",\"breadcrumb\":{\"@id\":\"https:\/\/hmtorx.com\/?product=vijak-za-gips-ploce-za-metalne-profile-o35mm#breadcrumb\"},\"inLanguage\":\"hr\",\"potentialAction\":[{\"@type\":\"ReadAction\",\"target\":[\"https:\/\/hmtorx.com\/?product=vijak-za-gips-ploce-za-metalne-profile-o35mm\"]}]},{\"@type\":\"ImageObject\",\"inLanguage\":\"hr\",\"@id\":\"https:\/\/hmtorx.com\/?product=vijak-za-gips-ploce-za-metalne-profile-o35mm#primaryimage\",\"url\":\"https:\/\/hmtorx.com\/wp-content\/uploads\/2025\/06\/Snimka-zaslona-2025-06-20-083409.png\",\"contentUrl\":\"https:\/\/hmtorx.com\/wp-content\/uploads\/2025\/06\/Snimka-zaslona-2025-06-20-083409.png\",\"width\":671,\"height\":671},{\"@type\":\"BreadcrumbList\",\"@id\":\"https:\/\/hmtorx.com\/?product=vijak-za-gips-ploce-za-metalne-profile-o35mm#breadcrumb\",\"itemListElement\":[{\"@type\":\"ListItem\",\"position\":1,\"name\":\"Po\u010detna stranica\",\"item\":\"https:\/\/hmtorx.com\/\"},{\"@type\":\"ListItem\",\"position\":2,\"name\":\"Shop\",\"item\":\"https:\/\/hmtorx.com\/?page_id=383\"},{\"@type\":\"ListItem\",\"position\":3,\"name\":\"Vijak za gips plo\u010de za metalne profile \u00d83,5mm\"}]},{\"@type\":\"WebSite\",\"@id\":\"https:\/\/hmtorx.com\/#website\",\"url\":\"https:\/\/hmtorx.com\/\",\"name\":\"HM Torx\",\"description\":\"Pouzdana adresa za vij\u010danu robu i spojnu tehniku &#x1f529; Brza dostava po cijeloj Hrvatskoj &#x1f69a; Profesionalna podr\u0161ka i kvaliteta &#x1f4aa;&quot;\",\"publisher\":{\"@id\":\"https:\/\/hmtorx.com\/#organization\"},\"potentialAction\":[{\"@type\":\"SearchAction\",\"target\":{\"@type\":\"EntryPoint\",\"urlTemplate\":\"https:\/\/hmtorx.com\/?s={search_term_string}\"},\"query-input\":{\"@type\":\"PropertyValueSpecification\",\"valueRequired\":true,\"valueName\":\"search_term_string\"}}],\"inLanguage\":\"hr\"},{\"@type\":\"Organization\",\"@id\":\"https:\/\/hmtorx.com\/#organization\",\"name\":\"HM Torx\",\"url\":\"https:\/\/hmtorx.com\/\",\"logo\":{\"@type\":\"ImageObject\",\"inLanguage\":\"hr\",\"@id\":\"https:\/\/hmtorx.com\/#\/schema\/logo\/image\/\",\"url\":\"https:\/\/hmtorx.com\/wp-content\/uploads\/2024\/10\/cropped-cropped-438079154_7244428125680349_1223899737435675660_n-e1731452417653.jpg\",\"contentUrl\":\"https:\/\/hmtorx.com\/wp-content\/uploads\/2024\/10\/cropped-cropped-438079154_7244428125680349_1223899737435675660_n-e1731452417653.jpg\",\"width\":125,\"height\":100,\"caption\":\"HM Torx\"},\"image\":{\"@id\":\"https:\/\/hmtorx.com\/#\/schema\/logo\/image\/\"},\"sameAs\":[\"https:\/\/www.facebook.com\/share\/19LMwmMfxk\/\",\"https:\/\/www.instagram.com\/hmtorx?igsh=MW5sOWNqMjc5MmRrag==\"]}]}<\/script>\n<!-- \/ Yoast SEO plugin. -->","yoast_head_json":{"title":"Vijak za gips plo\u010de za metalne profile \u00d83,5mm - HM Torx","robots":{"index":"index","follow":"follow","max-snippet":"max-snippet:-1","max-image-preview":"max-image-preview:large","max-video-preview":"max-video-preview:-1"},"canonical":"https:\/\/hmtorx.com\/?product=vijak-za-gips-ploce-za-metalne-profile-o35mm","og_locale":"hr_HR","og_type":"article","og_title":"Vijak za gips plo\u010de za metalne profile \u00d83,5mm - HM Torx","og_description":"Vijak za gips plo\u010de za metalne profile \u00d83,5mm  Slu\u017ei za pri\u010dvr\u0161\u0107ivanje gipskarton plo\u010de, vlaknaste gips plo\u010de ili drvene vunene plo\u010de sa cementnim vezivom za metalnu konstrukciju.  Materijal:\u00a0Nekorodiraju\u0107i metalni vijak sa fosfatnom oblogom Podru\u010dje primjene:\u00a0Slu\u017ei za pri\u010dvr\u0161\u0107ivanje gipskarton plo\u010de, vlaknaste gips plo\u010de ili drvene vunene plo\u010de sa cementnim vezivom za metalnu konstrukciju. Razmak fiksiranja kod zidova 25 cm, stropova \u00a017 cm, dubina fiksiranja 10 mm.","og_url":"https:\/\/hmtorx.com\/?product=vijak-za-gips-ploce-za-metalne-profile-o35mm","og_site_name":"HM Torx","article_publisher":"https:\/\/www.facebook.com\/share\/19LMwmMfxk\/","og_image":[{"width":671,"height":671,"url":"https:\/\/hmtorx.com\/wp-content\/uploads\/2025\/06\/Snimka-zaslona-2025-06-20-083409.png","type":"image\/png"}],"twitter_card":"summary_large_image","schema":{"@context":"https:\/\/schema.org","@graph":[{"@type":"WebPage","@id":"https:\/\/hmtorx.com\/?product=vijak-za-gips-ploce-za-metalne-profile-o35mm","url":"https:\/\/hmtorx.com\/?product=vijak-za-gips-ploce-za-metalne-profile-o35mm","name":"Vijak za gips plo\u010de za metalne profile \u00d83,5mm - HM Torx","isPartOf":{"@id":"https:\/\/hmtorx.com\/#website"},"primaryImageOfPage":{"@id":"https:\/\/hmtorx.com\/?product=vijak-za-gips-ploce-za-metalne-profile-o35mm#primaryimage"},"image":{"@id":"https:\/\/hmtorx.com\/?product=vijak-za-gips-ploce-za-metalne-profile-o35mm#primaryimage"},"thumbnailUrl":"https:\/\/hmtorx.com\/wp-content\/uploads\/2025\/06\/Snimka-zaslona-2025-06-20-083409.png","datePublished":"2025-06-20T06:36:04+00:00","breadcrumb":{"@id":"https:\/\/hmtorx.com\/?product=vijak-za-gips-ploce-za-metalne-profile-o35mm#breadcrumb"},"inLanguage":"hr","potentialAction":[{"@type":"ReadAction","target":["https:\/\/hmtorx.com\/?product=vijak-za-gips-ploce-za-metalne-profile-o35mm"]}]},{"@type":"ImageObject","inLanguage":"hr","@id":"https:\/\/hmtorx.com\/?product=vijak-za-gips-ploce-za-metalne-profile-o35mm#primaryimage","url":"https:\/\/hmtorx.com\/wp-content\/uploads\/2025\/06\/Snimka-zaslona-2025-06-20-083409.png","contentUrl":"https:\/\/hmtorx.com\/wp-content\/uploads\/2025\/06\/Snimka-zaslona-2025-06-20-083409.png","width":671,"height":671},{"@type":"BreadcrumbList","@id":"https:\/\/hmtorx.com\/?product=vijak-za-gips-ploce-za-metalne-profile-o35mm#breadcrumb","itemListElement":[{"@type":"ListItem","position":1,"name":"Po\u010detna stranica","item":"https:\/\/hmtorx.com\/"},{"@type":"ListItem","position":2,"name":"Shop","item":"https:\/\/hmtorx.com\/?page_id=383"},{"@type":"ListItem","position":3,"name":"Vijak za gips plo\u010de za metalne profile \u00d83,5mm"}]},{"@type":"WebSite","@id":"https:\/\/hmtorx.com\/#website","url":"https:\/\/hmtorx.com\/","name":"HM Torx","description":"Pouzdana adresa za vij\u010danu robu i spojnu tehniku &#x1f529; Brza dostava po cijeloj Hrvatskoj &#x1f69a; Profesionalna podr\u0161ka i kvaliteta &#x1f4aa;&quot;","publisher":{"@id":"https:\/\/hmtorx.com\/#organization"},"potentialAction":[{"@type":"SearchAction","target":{"@type":"EntryPoint","urlTemplate":"https:\/\/hmtorx.com\/?s={search_term_string}"},"query-input":{"@type":"PropertyValueSpecification","valueRequired":true,"valueName":"search_term_string"}}],"inLanguage":"hr"},{"@type":"Organization","@id":"https:\/\/hmtorx.com\/#organization","name":"HM Torx","url":"https:\/\/hmtorx.com\/","logo":{"@type":"ImageObject","inLanguage":"hr","@id":"https:\/\/hmtorx.com\/#\/schema\/logo\/image\/","url":"https:\/\/hmtorx.com\/wp-content\/uploads\/2024\/10\/cropped-cropped-438079154_7244428125680349_1223899737435675660_n-e1731452417653.jpg","contentUrl":"https:\/\/hmtorx.com\/wp-content\/uploads\/2024\/10\/cropped-cropped-438079154_7244428125680349_1223899737435675660_n-e1731452417653.jpg","width":125,"height":100,"caption":"HM Torx"},"image":{"@id":"https:\/\/hmtorx.com\/#\/schema\/logo\/image\/"},"sameAs":["https:\/\/www.facebook.com\/share\/19LMwmMfxk\/","https:\/\/www.instagram.com\/hmtorx?igsh=MW5sOWNqMjc5MmRrag=="]}]}},"jetpack_sharing_enabled":true,"_links":{"self":[{"href":"https:\/\/hmtorx.com\/index.php?rest_route=\/wp\/v2\/product\/1005","targetHints":{"allow":["GET"]}}],"collection":[{"href":"https:\/\/hmtorx.com\/index.php?rest_route=\/wp\/v2\/product"}],"about":[{"href":"https:\/\/hmtorx.com\/index.php?rest_route=\/wp\/v2\/types\/product"}],"wp:featuredmedia":[{"embeddable":true,"href":"https:\/\/hmtorx.com\/index.php?rest_route=\/wp\/v2\/media\/1006"}],"wp:attachment":[{"href":"https:\/\/hmtorx.com\/index.php?rest_route=%2Fwp%2Fv2%2Fmedia&parent=1005"}],"wp:term":[{"taxonomy":"product_brand","embeddable":true,"href":"https:\/\/hmtorx.com\/index.php?rest_route=%2Fwp%2Fv2%2Fproduct_brand&post=1005"},{"taxonomy":"product_cat","embeddable":true,"href":"https:\/\/hmtorx.com\/index.php?rest_route=%2Fwp%2Fv2%2Fproduct_cat&post=1005"},{"taxonomy":"product_tag","embeddable":true,"href":"https:\/\/hmtorx.com\/index.php?rest_route=%2Fwp%2Fv2%2Fproduct_tag&post=1005"}],"curies":[{"name":"wp","href":"https:\/\/api.w.org\/{rel}","templated":true}]}}