{"id":1003,"date":"2025-06-20T06:31:39","date_gmt":"2025-06-20T06:31:39","guid":{"rendered":"https:\/\/hmtorx.com\/?post_type=product&#038;p=1003"},"modified":"2025-06-20T06:31:39","modified_gmt":"2025-06-20T06:31:39","slug":"turbo-vijak-test-proizvod","status":"publish","type":"product","link":"https:\/\/hmtorx.com\/?product=turbo-vijak-test-proizvod","title":{"rendered":"Turbo vijak (test proizvod)"},"content":{"rendered":"<p>Vijak za monta\u017eu PVC i ALU stolarije (prozora i vrata) sa samoureznim navojem.. Koristi bez tipli, bu\u0161enjem rupe \u00a0\u22056 \u2013 6,5mm i direktnim zavrtanjem u materijal u kojem je rupa izbu\u0161ena (beton, cigla, blok). Glava vijka torx (zvjezdasta).<\/p>\n<p>&nbsp;<\/p>\n<table>\n<thead data-start=\"328\" data-end=\"390\">\n<tr data-start=\"328\" data-end=\"390\">\n<th data-start=\"328\" data-end=\"342\" data-col-size=\"sm\">Promjer (d)<\/th>\n<th data-start=\"342\" data-end=\"362\" data-col-size=\"sm\">Duljina vijka (L)<\/th>\n<th data-start=\"362\" data-end=\"390\" data-col-size=\"sm\">Bu\u0161enje rupe (\u00d8 bu\u0161enja)<\/th>\n<\/tr>\n<\/thead>\n<\/table>\n<div>\n<table>\n<tbody>\n<tr data-start=\"456\" data-end=\"520\">\n<td data-start=\"456\" data-end=\"470\" data-col-size=\"sm\">6 mm<\/td>\n<td data-col-size=\"sm\" data-start=\"470\" data-end=\"491\">40 \u2013 150 mm<\/td>\n<td data-col-size=\"sm\" data-start=\"491\" data-end=\"520\">5 mm<\/td>\n<\/tr>\n<\/tbody>\n<\/table>\n<\/div>\n<div>\n<table>\n<tbody>\n<tr data-start=\"521\" data-end=\"585\">\n<td data-start=\"521\" data-end=\"535\" data-col-size=\"sm\">7.5 mm<\/td>\n<td data-col-size=\"sm\" data-start=\"535\" data-end=\"556\">72 \u2013 212 mm<\/td>\n<td data-col-size=\"sm\" data-start=\"556\" data-end=\"585\">6 mm<\/td>\n<\/tr>\n<\/tbody>\n<\/table>\n<\/div>\n<div>\n<table>\n<tbody>\n<tr data-start=\"586\" data-end=\"650\">\n<td data-start=\"586\" data-end=\"600\" data-col-size=\"sm\">8 mm<\/td>\n<td data-col-size=\"sm\" data-start=\"600\" data-end=\"621\">60 \u2013 200 mm<\/td>\n<td data-col-size=\"sm\" data-start=\"621\" data-end=\"650\">6\u20138 mm (ovisno o tipu)<\/td>\n<\/tr>\n<\/tbody>\n<\/table>\n<\/div>\n<div>\n<table>\n<tbody>\n<tr data-start=\"651\" data-end=\"715\">\n<td data-start=\"651\" data-end=\"665\" data-col-size=\"sm\">10 mm<\/td>\n<td data-col-size=\"sm\" data-start=\"665\" data-end=\"686\">80 \u2013 260 mm<\/td>\n<td data-col-size=\"sm\" data-start=\"686\" data-end=\"715\">8 mm<\/td>\n<\/tr>\n<\/tbody>\n<\/table>\n<\/div>\n<div>\n<table>\n<tbody>\n<tr data-start=\"716\" data-end=\"780\">\n<td data-start=\"716\" data-end=\"730\" data-col-size=\"sm\">12 mm<\/td>\n<td data-col-size=\"sm\" data-start=\"730\" data-end=\"751\">100 \u2013 300 mm<\/td>\n<td data-col-size=\"sm\" data-start=\"751\" data-end=\"780\">10 mm<\/td>\n<\/tr>\n<\/tbody>\n<\/table>\n<\/div>\n<div>\n<table>\n<tbody>\n<tr data-start=\"781\" data-end=\"845\">\n<td data-start=\"781\" data-end=\"795\" data-col-size=\"sm\">14 mm<\/td>\n<td data-col-size=\"sm\" data-start=\"795\" data-end=\"816\">110 \u2013 300+ mm<\/td>\n<td data-col-size=\"sm\" data-start=\"816\" data-end=\"845\">12 mm<\/td>\n<\/tr>\n<\/tbody>\n<\/table>\n<\/div>\n","protected":false},"excerpt":{"rendered":"<p>Vijak za monta\u017eu PVC i ALU stolarije (prozora i vrata) sa samoureznim navojem.. Koristi bez tipli, bu\u0161enjem rupe \u00a0\u22056 \u2013 6,5mm i direktnim zavrtanjem u materijal u kojem je rupa izbu\u0161ena (beton, cigla, blok). Glava&hellip;<\/p>\n","protected":false},"featured_media":1004,"template":"","meta":[],"product_brand":[],"product_cat":[122,137],"product_tag":[314,312,313],"class_list":{"0":"post-1003","1":"product","2":"type-product","3":"status-publish","4":"has-post-thumbnail","6":"product_cat-betonski-vijak-hea","7":"product_cat-inox-vijak-za-okvire-prozora-i-vrata","8":"product_tag-beton","9":"product_tag-turbo","10":"product_tag-vijak","12":"first","13":"instock","14":"sale","15":"shipping-taxable","16":"purchasable","17":"product-type-simple"},"yoast_head":"<!-- This site is optimized with the Yoast SEO plugin v26.9 - https:\/\/yoast.com\/product\/yoast-seo-wordpress\/ -->\n<title>Turbo vijak (test proizvod) - HM Torx<\/title>\n<meta name=\"robots\" content=\"index, follow, max-snippet:-1, max-image-preview:large, max-video-preview:-1\" \/>\n<link rel=\"canonical\" href=\"https:\/\/hmtorx.com\/?product=turbo-vijak-test-proizvod\" \/>\n<meta property=\"og:locale\" content=\"hr_HR\" \/>\n<meta property=\"og:type\" content=\"article\" \/>\n<meta property=\"og:title\" content=\"Turbo vijak (test proizvod) - HM Torx\" \/>\n<meta property=\"og:description\" content=\"Vijak za monta\u017eu PVC i ALU stolarije (prozora i vrata) sa samoureznim navojem.. Koristi bez tipli, bu\u0161enjem rupe \u00a0\u22056 \u2013 6,5mm i direktnim zavrtanjem u materijal u kojem je rupa izbu\u0161ena (beton, cigla, blok). Glava&hellip;\" \/>\n<meta property=\"og:url\" content=\"https:\/\/hmtorx.com\/?product=turbo-vijak-test-proizvod\" \/>\n<meta property=\"og:site_name\" content=\"HM Torx\" \/>\n<meta property=\"article:publisher\" content=\"https:\/\/www.facebook.com\/share\/19LMwmMfxk\/\" \/>\n<meta property=\"og:image\" content=\"https:\/\/hmtorx.com\/wp-content\/uploads\/2025\/06\/Snimka-zaslona-2025-06-20-082528.png\" \/>\n\t<meta property=\"og:image:width\" content=\"673\" \/>\n\t<meta property=\"og:image:height\" content=\"671\" \/>\n\t<meta property=\"og:image:type\" content=\"image\/png\" \/>\n<meta name=\"twitter:card\" content=\"summary_large_image\" \/>\n<script type=\"application\/ld+json\" class=\"yoast-schema-graph\">{\"@context\":\"https:\/\/schema.org\",\"@graph\":[{\"@type\":\"WebPage\",\"@id\":\"https:\/\/hmtorx.com\/?product=turbo-vijak-test-proizvod\",\"url\":\"https:\/\/hmtorx.com\/?product=turbo-vijak-test-proizvod\",\"name\":\"Turbo vijak (test proizvod) - HM Torx\",\"isPartOf\":{\"@id\":\"https:\/\/hmtorx.com\/#website\"},\"primaryImageOfPage\":{\"@id\":\"https:\/\/hmtorx.com\/?product=turbo-vijak-test-proizvod#primaryimage\"},\"image\":{\"@id\":\"https:\/\/hmtorx.com\/?product=turbo-vijak-test-proizvod#primaryimage\"},\"thumbnailUrl\":\"https:\/\/hmtorx.com\/wp-content\/uploads\/2025\/06\/Snimka-zaslona-2025-06-20-082528.png\",\"datePublished\":\"2025-06-20T06:31:39+00:00\",\"breadcrumb\":{\"@id\":\"https:\/\/hmtorx.com\/?product=turbo-vijak-test-proizvod#breadcrumb\"},\"inLanguage\":\"hr\",\"potentialAction\":[{\"@type\":\"ReadAction\",\"target\":[\"https:\/\/hmtorx.com\/?product=turbo-vijak-test-proizvod\"]}]},{\"@type\":\"ImageObject\",\"inLanguage\":\"hr\",\"@id\":\"https:\/\/hmtorx.com\/?product=turbo-vijak-test-proizvod#primaryimage\",\"url\":\"https:\/\/hmtorx.com\/wp-content\/uploads\/2025\/06\/Snimka-zaslona-2025-06-20-082528.png\",\"contentUrl\":\"https:\/\/hmtorx.com\/wp-content\/uploads\/2025\/06\/Snimka-zaslona-2025-06-20-082528.png\",\"width\":673,\"height\":671},{\"@type\":\"BreadcrumbList\",\"@id\":\"https:\/\/hmtorx.com\/?product=turbo-vijak-test-proizvod#breadcrumb\",\"itemListElement\":[{\"@type\":\"ListItem\",\"position\":1,\"name\":\"Po\u010detna stranica\",\"item\":\"https:\/\/hmtorx.com\/\"},{\"@type\":\"ListItem\",\"position\":2,\"name\":\"Shop\",\"item\":\"https:\/\/hmtorx.com\/?page_id=383\"},{\"@type\":\"ListItem\",\"position\":3,\"name\":\"Turbo vijak (test proizvod)\"}]},{\"@type\":\"WebSite\",\"@id\":\"https:\/\/hmtorx.com\/#website\",\"url\":\"https:\/\/hmtorx.com\/\",\"name\":\"HM Torx\",\"description\":\"Pouzdana adresa za vij\u010danu robu i spojnu tehniku &#x1f529; Brza dostava po cijeloj Hrvatskoj &#x1f69a; Profesionalna podr\u0161ka i kvaliteta &#x1f4aa;&quot;\",\"publisher\":{\"@id\":\"https:\/\/hmtorx.com\/#organization\"},\"potentialAction\":[{\"@type\":\"SearchAction\",\"target\":{\"@type\":\"EntryPoint\",\"urlTemplate\":\"https:\/\/hmtorx.com\/?s={search_term_string}\"},\"query-input\":{\"@type\":\"PropertyValueSpecification\",\"valueRequired\":true,\"valueName\":\"search_term_string\"}}],\"inLanguage\":\"hr\"},{\"@type\":\"Organization\",\"@id\":\"https:\/\/hmtorx.com\/#organization\",\"name\":\"HM Torx\",\"url\":\"https:\/\/hmtorx.com\/\",\"logo\":{\"@type\":\"ImageObject\",\"inLanguage\":\"hr\",\"@id\":\"https:\/\/hmtorx.com\/#\/schema\/logo\/image\/\",\"url\":\"https:\/\/hmtorx.com\/wp-content\/uploads\/2024\/10\/cropped-cropped-438079154_7244428125680349_1223899737435675660_n-e1731452417653.jpg\",\"contentUrl\":\"https:\/\/hmtorx.com\/wp-content\/uploads\/2024\/10\/cropped-cropped-438079154_7244428125680349_1223899737435675660_n-e1731452417653.jpg\",\"width\":125,\"height\":100,\"caption\":\"HM Torx\"},\"image\":{\"@id\":\"https:\/\/hmtorx.com\/#\/schema\/logo\/image\/\"},\"sameAs\":[\"https:\/\/www.facebook.com\/share\/19LMwmMfxk\/\",\"https:\/\/www.instagram.com\/hmtorx?igsh=MW5sOWNqMjc5MmRrag==\"]}]}<\/script>\n<!-- \/ Yoast SEO plugin. -->","yoast_head_json":{"title":"Turbo vijak (test proizvod) - HM Torx","robots":{"index":"index","follow":"follow","max-snippet":"max-snippet:-1","max-image-preview":"max-image-preview:large","max-video-preview":"max-video-preview:-1"},"canonical":"https:\/\/hmtorx.com\/?product=turbo-vijak-test-proizvod","og_locale":"hr_HR","og_type":"article","og_title":"Turbo vijak (test proizvod) - HM Torx","og_description":"Vijak za monta\u017eu PVC i ALU stolarije (prozora i vrata) sa samoureznim navojem.. Koristi bez tipli, bu\u0161enjem rupe \u00a0\u22056 \u2013 6,5mm i direktnim zavrtanjem u materijal u kojem je rupa izbu\u0161ena (beton, cigla, blok). Glava&hellip;","og_url":"https:\/\/hmtorx.com\/?product=turbo-vijak-test-proizvod","og_site_name":"HM Torx","article_publisher":"https:\/\/www.facebook.com\/share\/19LMwmMfxk\/","og_image":[{"width":673,"height":671,"url":"https:\/\/hmtorx.com\/wp-content\/uploads\/2025\/06\/Snimka-zaslona-2025-06-20-082528.png","type":"image\/png"}],"twitter_card":"summary_large_image","schema":{"@context":"https:\/\/schema.org","@graph":[{"@type":"WebPage","@id":"https:\/\/hmtorx.com\/?product=turbo-vijak-test-proizvod","url":"https:\/\/hmtorx.com\/?product=turbo-vijak-test-proizvod","name":"Turbo vijak (test proizvod) - HM Torx","isPartOf":{"@id":"https:\/\/hmtorx.com\/#website"},"primaryImageOfPage":{"@id":"https:\/\/hmtorx.com\/?product=turbo-vijak-test-proizvod#primaryimage"},"image":{"@id":"https:\/\/hmtorx.com\/?product=turbo-vijak-test-proizvod#primaryimage"},"thumbnailUrl":"https:\/\/hmtorx.com\/wp-content\/uploads\/2025\/06\/Snimka-zaslona-2025-06-20-082528.png","datePublished":"2025-06-20T06:31:39+00:00","breadcrumb":{"@id":"https:\/\/hmtorx.com\/?product=turbo-vijak-test-proizvod#breadcrumb"},"inLanguage":"hr","potentialAction":[{"@type":"ReadAction","target":["https:\/\/hmtorx.com\/?product=turbo-vijak-test-proizvod"]}]},{"@type":"ImageObject","inLanguage":"hr","@id":"https:\/\/hmtorx.com\/?product=turbo-vijak-test-proizvod#primaryimage","url":"https:\/\/hmtorx.com\/wp-content\/uploads\/2025\/06\/Snimka-zaslona-2025-06-20-082528.png","contentUrl":"https:\/\/hmtorx.com\/wp-content\/uploads\/2025\/06\/Snimka-zaslona-2025-06-20-082528.png","width":673,"height":671},{"@type":"BreadcrumbList","@id":"https:\/\/hmtorx.com\/?product=turbo-vijak-test-proizvod#breadcrumb","itemListElement":[{"@type":"ListItem","position":1,"name":"Po\u010detna stranica","item":"https:\/\/hmtorx.com\/"},{"@type":"ListItem","position":2,"name":"Shop","item":"https:\/\/hmtorx.com\/?page_id=383"},{"@type":"ListItem","position":3,"name":"Turbo vijak (test proizvod)"}]},{"@type":"WebSite","@id":"https:\/\/hmtorx.com\/#website","url":"https:\/\/hmtorx.com\/","name":"HM Torx","description":"Pouzdana adresa za vij\u010danu robu i spojnu tehniku &#x1f529; Brza dostava po cijeloj Hrvatskoj &#x1f69a; Profesionalna podr\u0161ka i kvaliteta &#x1f4aa;&quot;","publisher":{"@id":"https:\/\/hmtorx.com\/#organization"},"potentialAction":[{"@type":"SearchAction","target":{"@type":"EntryPoint","urlTemplate":"https:\/\/hmtorx.com\/?s={search_term_string}"},"query-input":{"@type":"PropertyValueSpecification","valueRequired":true,"valueName":"search_term_string"}}],"inLanguage":"hr"},{"@type":"Organization","@id":"https:\/\/hmtorx.com\/#organization","name":"HM Torx","url":"https:\/\/hmtorx.com\/","logo":{"@type":"ImageObject","inLanguage":"hr","@id":"https:\/\/hmtorx.com\/#\/schema\/logo\/image\/","url":"https:\/\/hmtorx.com\/wp-content\/uploads\/2024\/10\/cropped-cropped-438079154_7244428125680349_1223899737435675660_n-e1731452417653.jpg","contentUrl":"https:\/\/hmtorx.com\/wp-content\/uploads\/2024\/10\/cropped-cropped-438079154_7244428125680349_1223899737435675660_n-e1731452417653.jpg","width":125,"height":100,"caption":"HM Torx"},"image":{"@id":"https:\/\/hmtorx.com\/#\/schema\/logo\/image\/"},"sameAs":["https:\/\/www.facebook.com\/share\/19LMwmMfxk\/","https:\/\/www.instagram.com\/hmtorx?igsh=MW5sOWNqMjc5MmRrag=="]}]}},"jetpack_sharing_enabled":true,"_links":{"self":[{"href":"https:\/\/hmtorx.com\/index.php?rest_route=\/wp\/v2\/product\/1003","targetHints":{"allow":["GET"]}}],"collection":[{"href":"https:\/\/hmtorx.com\/index.php?rest_route=\/wp\/v2\/product"}],"about":[{"href":"https:\/\/hmtorx.com\/index.php?rest_route=\/wp\/v2\/types\/product"}],"wp:featuredmedia":[{"embeddable":true,"href":"https:\/\/hmtorx.com\/index.php?rest_route=\/wp\/v2\/media\/1004"}],"wp:attachment":[{"href":"https:\/\/hmtorx.com\/index.php?rest_route=%2Fwp%2Fv2%2Fmedia&parent=1003"}],"wp:term":[{"taxonomy":"product_brand","embeddable":true,"href":"https:\/\/hmtorx.com\/index.php?rest_route=%2Fwp%2Fv2%2Fproduct_brand&post=1003"},{"taxonomy":"product_cat","embeddable":true,"href":"https:\/\/hmtorx.com\/index.php?rest_route=%2Fwp%2Fv2%2Fproduct_cat&post=1003"},{"taxonomy":"product_tag","embeddable":true,"href":"https:\/\/hmtorx.com\/index.php?rest_route=%2Fwp%2Fv2%2Fproduct_tag&post=1003"}],"curies":[{"name":"wp","href":"https:\/\/api.w.org\/{rel}","templated":true}]}}