{"id":454,"date":"2019-04-18T11:07:31","date_gmt":"2019-04-18T11:07:31","guid":{"rendered":"https:\/\/envothemes.com\/envo-ecommerce\/my-account\/"},"modified":"2019-04-18T11:07:31","modified_gmt":"2019-04-18T11:07:31","slug":"my-account","status":"publish","type":"page","link":"https:\/\/hmtorx.com\/?page_id=454","title":{"rendered":"My account"},"content":{"rendered":"<div class=\"woocommerce\"><div class=\"woocommerce-notices-wrapper\"><\/div>\n\n<div class=\"u-columns col2-set\" id=\"customer_login\">\n\n\t<div class=\"u-column1 col-1\">\n\n\n\t\t<h2>Prijava<\/h2>\n\n\t\t<form class=\"woocommerce-form woocommerce-form-login login\" method=\"post\" novalidate>\n\n\t\t\t\n\t\t\t<p class=\"woocommerce-form-row woocommerce-form-row--wide form-row form-row-wide\">\n\t\t\t\t<label for=\"username\">Korisni\u010dko ime ili email adresa&nbsp;<span class=\"required\" aria-hidden=\"true\">*<\/span><span class=\"screen-reader-text\">Obavezno<\/span><\/label>\n\t\t\t\t<input type=\"text\" class=\"woocommerce-Input woocommerce-Input--text input-text\" name=\"username\" id=\"username\" autocomplete=\"username\" value=\"\" required aria-required=\"true\" \/>\t\t\t<\/p>\n\t\t\t<p class=\"woocommerce-form-row woocommerce-form-row--wide form-row form-row-wide\">\n\t\t\t\t<label for=\"password\">Zaporka&nbsp;<span class=\"required\" aria-hidden=\"true\">*<\/span><span class=\"screen-reader-text\">Obavezno<\/span><\/label>\n\t\t\t\t<input class=\"woocommerce-Input woocommerce-Input--text input-text\" type=\"password\" name=\"password\" id=\"password\" autocomplete=\"current-password\" required aria-required=\"true\" \/>\n\t\t\t<\/p>\n\n\t\t\t\n\t\t\t<p class=\"form-row\">\n\t\t\t\t<label class=\"woocommerce-form__label woocommerce-form__label-for-checkbox woocommerce-form-login__rememberme\">\n\t\t\t\t\t<input class=\"woocommerce-form__input woocommerce-form__input-checkbox\" name=\"rememberme\" type=\"checkbox\" id=\"rememberme\" value=\"forever\" \/> <span>Zapamti me<\/span>\n\t\t\t\t<\/label>\n\t\t\t\t<input type=\"hidden\" id=\"woocommerce-login-nonce\" name=\"woocommerce-login-nonce\" value=\"be8e3bb786\" \/><input type=\"hidden\" name=\"_wp_http_referer\" value=\"\/index.php?rest_route=%2Fwp%2Fv2%2Fpages%2F454\" \/>\t\t\t\t<button type=\"submit\" class=\"woocommerce-button button woocommerce-form-login__submit\" name=\"login\" value=\"Prijava\">Prijava<\/button>\n\t\t\t<\/p>\n\t\t\t<p class=\"woocommerce-LostPassword lost_password\">\n\t\t\t\t<a href=\"https:\/\/hmtorx.com\/?page_id=454&#038;lost-password\">Izgubili ste lozinku?<\/a>\n\t\t\t<\/p>\n\n\t\t\t\n\t\t<\/form>\n\n\n\t<\/div>\n\n\t<div class=\"u-column2 col-2\">\n\n\t\t<h2>Registracija<\/h2>\n\n\t\t<form method=\"post\" class=\"woocommerce-form woocommerce-form-register register\"  >\n\n\t\t\t\n\t\t\t\n\t\t\t<p class=\"woocommerce-form-row woocommerce-form-row--wide form-row form-row-wide\">\n\t\t\t\t<label for=\"reg_email\">Adresa e-po\u0161te&nbsp;<span class=\"required\" aria-hidden=\"true\">*<\/span><span class=\"screen-reader-text\">Obavezno<\/span><\/label>\n\t\t\t\t<input type=\"email\" class=\"woocommerce-Input woocommerce-Input--text input-text\" name=\"email\" id=\"reg_email\" autocomplete=\"email\" value=\"\" required aria-required=\"true\" \/>\t\t\t<\/p>\n\n\t\t\t\n\t\t\t\t<p>Na va\u0161 email \u0107emo poslati poveznicu za kreiranje nove zaporke.<\/p>\n\n\t\t\t\n\t\t\t<wc-order-attribution-inputs><\/wc-order-attribution-inputs><div class=\"woocommerce-privacy-policy-text\"><p>Va\u0161i \u0107e se osobni podaci koristiti za podr\u0161ku va\u0161em iskustvu na ovoj web stranici, za upravljanje pristupom va\u0161em ra\u010dunu i za druge svrhe opisane u na\u0161im <a href=\"https:\/\/hmtorx.com\/?page_id=3\" class=\"woocommerce-privacy-policy-link\" target=\"_blank\">pravilima privatnosti<\/a>.<\/p>\n<\/div>\n\t\t\t<p class=\"woocommerce-form-row form-row\">\n\t\t\t\t<input type=\"hidden\" id=\"woocommerce-register-nonce\" name=\"woocommerce-register-nonce\" value=\"065c659acd\" \/><input type=\"hidden\" name=\"_wp_http_referer\" value=\"\/index.php?rest_route=%2Fwp%2Fv2%2Fpages%2F454\" \/>\t\t\t\t<button type=\"submit\" class=\"woocommerce-Button woocommerce-button button woocommerce-form-register__submit\" name=\"register\" value=\"Registracija\">Registracija<\/button>\n\t\t\t<\/p>\n\n\t\t\t\n\t\t<\/form>\n\n\t<\/div>\n\n<\/div>\n\n<\/div>\n","protected":false},"excerpt":{"rendered":"","protected":false},"author":1,"featured_media":0,"parent":0,"menu_order":0,"comment_status":"closed","ping_status":"closed","template":"","meta":{"footnotes":""},"class_list":["post-454","page","type-page","status-publish","hentry"],"yoast_head":"<!-- This site is optimized with the Yoast SEO plugin v26.9 - https:\/\/yoast.com\/product\/yoast-seo-wordpress\/ -->\n<title>My account - HM Torx<\/title>\n<meta name=\"robots\" content=\"index, follow, max-snippet:-1, max-image-preview:large, max-video-preview:-1\" \/>\n<link rel=\"canonical\" href=\"https:\/\/hmtorx.com\/?page_id=454\" \/>\n<meta property=\"og:locale\" content=\"hr_HR\" \/>\n<meta property=\"og:type\" content=\"article\" \/>\n<meta property=\"og:title\" content=\"My account - HM Torx\" \/>\n<meta property=\"og:url\" content=\"https:\/\/hmtorx.com\/?page_id=454\" \/>\n<meta property=\"og:site_name\" content=\"HM Torx\" \/>\n<meta property=\"article:publisher\" content=\"https:\/\/www.facebook.com\/share\/19LMwmMfxk\/\" \/>\n<meta property=\"og:image\" content=\"https:\/\/hmtorx.com\/wp-content\/uploads\/2025\/06\/FB_IMG_1750934013480.jpg\" \/>\n\t<meta property=\"og:image:width\" content=\"872\" \/>\n\t<meta property=\"og:image:height\" content=\"594\" \/>\n\t<meta property=\"og:image:type\" content=\"image\/jpeg\" \/>\n<meta name=\"twitter:card\" content=\"summary_large_image\" \/>\n<script type=\"application\/ld+json\" class=\"yoast-schema-graph\">{\"@context\":\"https:\/\/schema.org\",\"@graph\":[{\"@type\":\"WebPage\",\"@id\":\"https:\/\/hmtorx.com\/?page_id=454\",\"url\":\"https:\/\/hmtorx.com\/?page_id=454\",\"name\":\"My account - HM Torx\",\"isPartOf\":{\"@id\":\"https:\/\/hmtorx.com\/#website\"},\"datePublished\":\"2019-04-18T11:07:31+00:00\",\"breadcrumb\":{\"@id\":\"https:\/\/hmtorx.com\/?page_id=454#breadcrumb\"},\"inLanguage\":\"hr\",\"potentialAction\":[{\"@type\":\"ReadAction\",\"target\":[\"https:\/\/hmtorx.com\/?page_id=454\"]}]},{\"@type\":\"BreadcrumbList\",\"@id\":\"https:\/\/hmtorx.com\/?page_id=454#breadcrumb\",\"itemListElement\":[{\"@type\":\"ListItem\",\"position\":1,\"name\":\"Po\u010detna stranica\",\"item\":\"https:\/\/hmtorx.com\/\"},{\"@type\":\"ListItem\",\"position\":2,\"name\":\"My account\"}]},{\"@type\":\"WebSite\",\"@id\":\"https:\/\/hmtorx.com\/#website\",\"url\":\"https:\/\/hmtorx.com\/\",\"name\":\"HM Torx\",\"description\":\"Pouzdana adresa za vij\u010danu robu i spojnu tehniku &#x1f529; Brza dostava po cijeloj Hrvatskoj &#x1f69a; Profesionalna podr\u0161ka i kvaliteta &#x1f4aa;&quot;\",\"publisher\":{\"@id\":\"https:\/\/hmtorx.com\/#organization\"},\"potentialAction\":[{\"@type\":\"SearchAction\",\"target\":{\"@type\":\"EntryPoint\",\"urlTemplate\":\"https:\/\/hmtorx.com\/?s={search_term_string}\"},\"query-input\":{\"@type\":\"PropertyValueSpecification\",\"valueRequired\":true,\"valueName\":\"search_term_string\"}}],\"inLanguage\":\"hr\"},{\"@type\":\"Organization\",\"@id\":\"https:\/\/hmtorx.com\/#organization\",\"name\":\"HM Torx\",\"url\":\"https:\/\/hmtorx.com\/\",\"logo\":{\"@type\":\"ImageObject\",\"inLanguage\":\"hr\",\"@id\":\"https:\/\/hmtorx.com\/#\/schema\/logo\/image\/\",\"url\":\"https:\/\/hmtorx.com\/wp-content\/uploads\/2024\/10\/cropped-cropped-438079154_7244428125680349_1223899737435675660_n-e1731452417653.jpg\",\"contentUrl\":\"https:\/\/hmtorx.com\/wp-content\/uploads\/2024\/10\/cropped-cropped-438079154_7244428125680349_1223899737435675660_n-e1731452417653.jpg\",\"width\":125,\"height\":100,\"caption\":\"HM Torx\"},\"image\":{\"@id\":\"https:\/\/hmtorx.com\/#\/schema\/logo\/image\/\"},\"sameAs\":[\"https:\/\/www.facebook.com\/share\/19LMwmMfxk\/\",\"https:\/\/www.instagram.com\/hmtorx?igsh=MW5sOWNqMjc5MmRrag==\"]}]}<\/script>\n<!-- \/ Yoast SEO plugin. -->","yoast_head_json":{"title":"My account - HM Torx","robots":{"index":"index","follow":"follow","max-snippet":"max-snippet:-1","max-image-preview":"max-image-preview:large","max-video-preview":"max-video-preview:-1"},"canonical":"https:\/\/hmtorx.com\/?page_id=454","og_locale":"hr_HR","og_type":"article","og_title":"My account - HM Torx","og_url":"https:\/\/hmtorx.com\/?page_id=454","og_site_name":"HM Torx","article_publisher":"https:\/\/www.facebook.com\/share\/19LMwmMfxk\/","og_image":[{"width":872,"height":594,"url":"https:\/\/hmtorx.com\/wp-content\/uploads\/2025\/06\/FB_IMG_1750934013480.jpg","type":"image\/jpeg"}],"twitter_card":"summary_large_image","schema":{"@context":"https:\/\/schema.org","@graph":[{"@type":"WebPage","@id":"https:\/\/hmtorx.com\/?page_id=454","url":"https:\/\/hmtorx.com\/?page_id=454","name":"My account - HM Torx","isPartOf":{"@id":"https:\/\/hmtorx.com\/#website"},"datePublished":"2019-04-18T11:07:31+00:00","breadcrumb":{"@id":"https:\/\/hmtorx.com\/?page_id=454#breadcrumb"},"inLanguage":"hr","potentialAction":[{"@type":"ReadAction","target":["https:\/\/hmtorx.com\/?page_id=454"]}]},{"@type":"BreadcrumbList","@id":"https:\/\/hmtorx.com\/?page_id=454#breadcrumb","itemListElement":[{"@type":"ListItem","position":1,"name":"Po\u010detna stranica","item":"https:\/\/hmtorx.com\/"},{"@type":"ListItem","position":2,"name":"My account"}]},{"@type":"WebSite","@id":"https:\/\/hmtorx.com\/#website","url":"https:\/\/hmtorx.com\/","name":"HM Torx","description":"Pouzdana adresa za vij\u010danu robu i spojnu tehniku &#x1f529; Brza dostava po cijeloj Hrvatskoj &#x1f69a; Profesionalna podr\u0161ka i kvaliteta &#x1f4aa;&quot;","publisher":{"@id":"https:\/\/hmtorx.com\/#organization"},"potentialAction":[{"@type":"SearchAction","target":{"@type":"EntryPoint","urlTemplate":"https:\/\/hmtorx.com\/?s={search_term_string}"},"query-input":{"@type":"PropertyValueSpecification","valueRequired":true,"valueName":"search_term_string"}}],"inLanguage":"hr"},{"@type":"Organization","@id":"https:\/\/hmtorx.com\/#organization","name":"HM Torx","url":"https:\/\/hmtorx.com\/","logo":{"@type":"ImageObject","inLanguage":"hr","@id":"https:\/\/hmtorx.com\/#\/schema\/logo\/image\/","url":"https:\/\/hmtorx.com\/wp-content\/uploads\/2024\/10\/cropped-cropped-438079154_7244428125680349_1223899737435675660_n-e1731452417653.jpg","contentUrl":"https:\/\/hmtorx.com\/wp-content\/uploads\/2024\/10\/cropped-cropped-438079154_7244428125680349_1223899737435675660_n-e1731452417653.jpg","width":125,"height":100,"caption":"HM Torx"},"image":{"@id":"https:\/\/hmtorx.com\/#\/schema\/logo\/image\/"},"sameAs":["https:\/\/www.facebook.com\/share\/19LMwmMfxk\/","https:\/\/www.instagram.com\/hmtorx?igsh=MW5sOWNqMjc5MmRrag=="]}]}},"jetpack_sharing_enabled":true,"_links":{"self":[{"href":"https:\/\/hmtorx.com\/index.php?rest_route=\/wp\/v2\/pages\/454","targetHints":{"allow":["GET"]}}],"collection":[{"href":"https:\/\/hmtorx.com\/index.php?rest_route=\/wp\/v2\/pages"}],"about":[{"href":"https:\/\/hmtorx.com\/index.php?rest_route=\/wp\/v2\/types\/page"}],"author":[{"embeddable":true,"href":"https:\/\/hmtorx.com\/index.php?rest_route=\/wp\/v2\/users\/1"}],"replies":[{"embeddable":true,"href":"https:\/\/hmtorx.com\/index.php?rest_route=%2Fwp%2Fv2%2Fcomments&post=454"}],"version-history":[{"count":0,"href":"https:\/\/hmtorx.com\/index.php?rest_route=\/wp\/v2\/pages\/454\/revisions"}],"wp:attachment":[{"href":"https:\/\/hmtorx.com\/index.php?rest_route=%2Fwp%2Fv2%2Fmedia&parent=454"}],"curies":[{"name":"wp","href":"https:\/\/api.w.org\/{rel}","templated":true}]}}