{"id":1081,"date":"2025-06-20T12:25:08","date_gmt":"2025-06-20T12:25:08","guid":{"rendered":"https:\/\/hmtorx.com\/?page_id=1081"},"modified":"2025-06-20T12:25:12","modified_gmt":"2025-06-20T12:25:12","slug":"uvjeti-poslovanja","status":"publish","type":"page","link":"https:\/\/hmtorx.com\/?page_id=1081","title":{"rendered":"Uvjeti poslovanja"},"content":{"rendered":"\n<p>Dobrodo\u0161li na webshop <a class=\"\" href=\"http:\/\/www.hmtorx.com\">www.hmtorx.com<\/a>. Kupnjom proizvoda putem na\u0161e internetske trgovine prihva\u0107ate sljede\u0107e uvjete poslovanja:<\/p>\n\n\n\n<ol class=\"wp-block-list\">\n<li><strong>Naru\u010divanje i pla\u0107anje<\/strong><br>Sve narud\u017ebe prihva\u0107aju se nakon potvrde dostupnosti proizvoda i uspje\u0161ne obrade pla\u0107anja. Cijene proizvoda izra\u017eene su u eurima (\u20ac) i uklju\u010duju PDV.<\/li>\n\n\n\n<li><strong>Dostava<\/strong><br>Dostava se vr\u0161i na adresu koju je kupac naveo prilikom narud\u017ebe ili direktno na gradili\u0161te. Za narud\u017ebe iznad 150 \u20ac dostava je besplatna unutar kruga od 25 km od na\u0161e glavne poslovnice u Pavlovcu Zabo\u010dkom. Za sve ostale narud\u017ebe tro\u0161kove dostave snosi kupac, osim ako nije druga\u010dije dogovoreno.<\/li>\n\n\n\n<li><strong>Preuzimanje robe<\/strong><br>Kupac je du\u017ean provjeriti robu prilikom preuzimanja te odmah prijaviti eventualne vidljive o\u0161te\u0107enja ili nedostatke dostavlja\u010du i na\u0161em timu.<\/li>\n\n\n\n<li><strong>Odgovornost kupca<\/strong><br>Kupac preuzima punu odgovornost za ispravnost i stanje robe nakon preuzimanja. Naknadni prigovori vezani uz vanjske nedostatke koje nije prijavio prilikom preuzimanja ne\u0107e se razmatrati.<\/li>\n<\/ol>\n\n\n\n<hr class=\"wp-block-separator has-alpha-channel-opacity\"\/>\n\n\n\n<h2 class=\"wp-block-heading\">Reklamacije i povrat robe<\/h2>\n\n\n\n<ol class=\"wp-block-list\">\n<li><strong>Reklamacije<\/strong><br>Reklamacije je mogu\u0107e podnijeti isklju\u010divo za tvorni\u010dke nedostatke proizvoda, i to u roku od 7 dana od dana preuzimanja robe. Reklamaciju je potrebno odmah prijaviti na e-mail: <a>hmtorx@gmail.com<\/a> ili telefon +385 98 918 0274.<\/li>\n\n\n\n<li><strong>Povrat robe<\/strong><br>Povrat robe nije mogu\u0107 iz razloga osobnih preferencija ili pogre\u0161ke u narud\u017ebi. U slu\u010daju opravdane reklamacije, zamjena ili popravak robe vr\u0161i se nakon \u0161to proizvod stigne u na\u0161e skladi\u0161te i potvrdi se postojanje nedostatka.<\/li>\n\n\n\n<li><strong>Tro\u0161kovi povrata i dostave<\/strong><br>Svi tro\u0161kovi povrata i dostave robe na adresu prodava\u010da snose kupci\/naru\u010ditelji. Tvrtka <strong>Mtorx d.o.o.<\/strong> ne snosi nikakve tro\u0161kove vezane uz povrat ili reklamaciju ako nije druga\u010dije ugovoreno.<\/li>\n\n\n\n<li><strong>Isklju\u010denje povrata novca<\/strong><br>U skladu s poslovnom politikom i radi za\u0161tite kvalitete na\u0161ih proizvoda, ne vr\u0161imo povrat novca kupcima.<\/li>\n<\/ol>\n\n\n\n<hr class=\"wp-block-separator has-alpha-channel-opacity\"\/>\n\n\n\n<p>Molimo kupce da pa\u017eljivo provjere robu prilikom preuzimanja kako bi se izbjegli nesporazumi. Va\u0161e povjerenje nam je va\u017eno i nastojimo uvijek pru\u017eiti kvalitetnu uslugu i proizvode.<\/p>\n","protected":false},"excerpt":{"rendered":"<p>Dobrodo\u0161li na webshop www.hmtorx.com. Kupnjom proizvoda putem na\u0161e internetske trgovine prihva\u0107ate sljede\u0107e uvjete poslovanja: Reklamacije i povrat robe Molimo kupce da pa\u017eljivo provjere robu prilikom preuzimanja kako bi se izbjegli nesporazumi. Va\u0161e povjerenje nam je&hellip;<\/p>\n","protected":false},"author":1,"featured_media":0,"parent":0,"menu_order":0,"comment_status":"closed","ping_status":"closed","template":"","meta":{"footnotes":""},"class_list":["post-1081","page","type-page","status-publish","hentry"],"yoast_head":"<!-- This site is optimized with the Yoast SEO plugin v26.9 - https:\/\/yoast.com\/product\/yoast-seo-wordpress\/ -->\n<title>Uvjeti poslovanja - HM Torx<\/title>\n<meta name=\"robots\" content=\"index, follow, max-snippet:-1, max-image-preview:large, max-video-preview:-1\" \/>\n<link rel=\"canonical\" href=\"https:\/\/hmtorx.com\/?page_id=1081\" \/>\n<meta property=\"og:locale\" content=\"hr_HR\" \/>\n<meta property=\"og:type\" content=\"article\" \/>\n<meta property=\"og:title\" content=\"Uvjeti poslovanja - HM Torx\" \/>\n<meta property=\"og:description\" content=\"Dobrodo\u0161li na webshop www.hmtorx.com. Kupnjom proizvoda putem na\u0161e internetske trgovine prihva\u0107ate sljede\u0107e uvjete poslovanja: Reklamacije i povrat robe Molimo kupce da pa\u017eljivo provjere robu prilikom preuzimanja kako bi se izbjegli nesporazumi. Va\u0161e povjerenje nam je&hellip;\" \/>\n<meta property=\"og:url\" content=\"https:\/\/hmtorx.com\/?page_id=1081\" \/>\n<meta property=\"og:site_name\" content=\"HM Torx\" \/>\n<meta property=\"article:publisher\" content=\"https:\/\/www.facebook.com\/share\/19LMwmMfxk\/\" \/>\n<meta property=\"article:modified_time\" content=\"2025-06-20T12:25:12+00:00\" \/>\n<meta property=\"og:image\" content=\"https:\/\/hmtorx.com\/wp-content\/uploads\/2025\/06\/FB_IMG_1750934013480.jpg\" \/>\n\t<meta property=\"og:image:width\" content=\"872\" \/>\n\t<meta property=\"og:image:height\" content=\"594\" \/>\n\t<meta property=\"og:image:type\" content=\"image\/jpeg\" \/>\n<meta name=\"twitter:card\" content=\"summary_large_image\" \/>\n<meta name=\"twitter:label1\" content=\"Procijenjeno vrijeme \u010ditanja\" \/>\n\t<meta name=\"twitter:data1\" content=\"2 minute\" \/>\n<script type=\"application\/ld+json\" class=\"yoast-schema-graph\">{\"@context\":\"https:\/\/schema.org\",\"@graph\":[{\"@type\":\"WebPage\",\"@id\":\"https:\/\/hmtorx.com\/?page_id=1081\",\"url\":\"https:\/\/hmtorx.com\/?page_id=1081\",\"name\":\"Uvjeti poslovanja - HM Torx\",\"isPartOf\":{\"@id\":\"https:\/\/hmtorx.com\/#website\"},\"datePublished\":\"2025-06-20T12:25:08+00:00\",\"dateModified\":\"2025-06-20T12:25:12+00:00\",\"breadcrumb\":{\"@id\":\"https:\/\/hmtorx.com\/?page_id=1081#breadcrumb\"},\"inLanguage\":\"hr\",\"potentialAction\":[{\"@type\":\"ReadAction\",\"target\":[\"https:\/\/hmtorx.com\/?page_id=1081\"]}]},{\"@type\":\"BreadcrumbList\",\"@id\":\"https:\/\/hmtorx.com\/?page_id=1081#breadcrumb\",\"itemListElement\":[{\"@type\":\"ListItem\",\"position\":1,\"name\":\"Po\u010detna stranica\",\"item\":\"https:\/\/hmtorx.com\/\"},{\"@type\":\"ListItem\",\"position\":2,\"name\":\"Uvjeti poslovanja\"}]},{\"@type\":\"WebSite\",\"@id\":\"https:\/\/hmtorx.com\/#website\",\"url\":\"https:\/\/hmtorx.com\/\",\"name\":\"HM Torx\",\"description\":\"Pouzdana adresa za vij\u010danu robu i spojnu tehniku &#x1f529; Brza dostava po cijeloj Hrvatskoj &#x1f69a; Profesionalna podr\u0161ka i kvaliteta &#x1f4aa;&quot;\",\"publisher\":{\"@id\":\"https:\/\/hmtorx.com\/#organization\"},\"potentialAction\":[{\"@type\":\"SearchAction\",\"target\":{\"@type\":\"EntryPoint\",\"urlTemplate\":\"https:\/\/hmtorx.com\/?s={search_term_string}\"},\"query-input\":{\"@type\":\"PropertyValueSpecification\",\"valueRequired\":true,\"valueName\":\"search_term_string\"}}],\"inLanguage\":\"hr\"},{\"@type\":\"Organization\",\"@id\":\"https:\/\/hmtorx.com\/#organization\",\"name\":\"HM Torx\",\"url\":\"https:\/\/hmtorx.com\/\",\"logo\":{\"@type\":\"ImageObject\",\"inLanguage\":\"hr\",\"@id\":\"https:\/\/hmtorx.com\/#\/schema\/logo\/image\/\",\"url\":\"https:\/\/hmtorx.com\/wp-content\/uploads\/2024\/10\/cropped-cropped-438079154_7244428125680349_1223899737435675660_n-e1731452417653.jpg\",\"contentUrl\":\"https:\/\/hmtorx.com\/wp-content\/uploads\/2024\/10\/cropped-cropped-438079154_7244428125680349_1223899737435675660_n-e1731452417653.jpg\",\"width\":125,\"height\":100,\"caption\":\"HM Torx\"},\"image\":{\"@id\":\"https:\/\/hmtorx.com\/#\/schema\/logo\/image\/\"},\"sameAs\":[\"https:\/\/www.facebook.com\/share\/19LMwmMfxk\/\",\"https:\/\/www.instagram.com\/hmtorx?igsh=MW5sOWNqMjc5MmRrag==\"]}]}<\/script>\n<!-- \/ Yoast SEO plugin. -->","yoast_head_json":{"title":"Uvjeti poslovanja - HM Torx","robots":{"index":"index","follow":"follow","max-snippet":"max-snippet:-1","max-image-preview":"max-image-preview:large","max-video-preview":"max-video-preview:-1"},"canonical":"https:\/\/hmtorx.com\/?page_id=1081","og_locale":"hr_HR","og_type":"article","og_title":"Uvjeti poslovanja - HM Torx","og_description":"Dobrodo\u0161li na webshop www.hmtorx.com. Kupnjom proizvoda putem na\u0161e internetske trgovine prihva\u0107ate sljede\u0107e uvjete poslovanja: Reklamacije i povrat robe Molimo kupce da pa\u017eljivo provjere robu prilikom preuzimanja kako bi se izbjegli nesporazumi. Va\u0161e povjerenje nam je&hellip;","og_url":"https:\/\/hmtorx.com\/?page_id=1081","og_site_name":"HM Torx","article_publisher":"https:\/\/www.facebook.com\/share\/19LMwmMfxk\/","article_modified_time":"2025-06-20T12:25:12+00:00","og_image":[{"width":872,"height":594,"url":"https:\/\/hmtorx.com\/wp-content\/uploads\/2025\/06\/FB_IMG_1750934013480.jpg","type":"image\/jpeg"}],"twitter_card":"summary_large_image","twitter_misc":{"Procijenjeno vrijeme \u010ditanja":"2 minute"},"schema":{"@context":"https:\/\/schema.org","@graph":[{"@type":"WebPage","@id":"https:\/\/hmtorx.com\/?page_id=1081","url":"https:\/\/hmtorx.com\/?page_id=1081","name":"Uvjeti poslovanja - HM Torx","isPartOf":{"@id":"https:\/\/hmtorx.com\/#website"},"datePublished":"2025-06-20T12:25:08+00:00","dateModified":"2025-06-20T12:25:12+00:00","breadcrumb":{"@id":"https:\/\/hmtorx.com\/?page_id=1081#breadcrumb"},"inLanguage":"hr","potentialAction":[{"@type":"ReadAction","target":["https:\/\/hmtorx.com\/?page_id=1081"]}]},{"@type":"BreadcrumbList","@id":"https:\/\/hmtorx.com\/?page_id=1081#breadcrumb","itemListElement":[{"@type":"ListItem","position":1,"name":"Po\u010detna stranica","item":"https:\/\/hmtorx.com\/"},{"@type":"ListItem","position":2,"name":"Uvjeti poslovanja"}]},{"@type":"WebSite","@id":"https:\/\/hmtorx.com\/#website","url":"https:\/\/hmtorx.com\/","name":"HM Torx","description":"Pouzdana adresa za vij\u010danu robu i spojnu tehniku &#x1f529; Brza dostava po cijeloj Hrvatskoj &#x1f69a; Profesionalna podr\u0161ka i kvaliteta &#x1f4aa;&quot;","publisher":{"@id":"https:\/\/hmtorx.com\/#organization"},"potentialAction":[{"@type":"SearchAction","target":{"@type":"EntryPoint","urlTemplate":"https:\/\/hmtorx.com\/?s={search_term_string}"},"query-input":{"@type":"PropertyValueSpecification","valueRequired":true,"valueName":"search_term_string"}}],"inLanguage":"hr"},{"@type":"Organization","@id":"https:\/\/hmtorx.com\/#organization","name":"HM Torx","url":"https:\/\/hmtorx.com\/","logo":{"@type":"ImageObject","inLanguage":"hr","@id":"https:\/\/hmtorx.com\/#\/schema\/logo\/image\/","url":"https:\/\/hmtorx.com\/wp-content\/uploads\/2024\/10\/cropped-cropped-438079154_7244428125680349_1223899737435675660_n-e1731452417653.jpg","contentUrl":"https:\/\/hmtorx.com\/wp-content\/uploads\/2024\/10\/cropped-cropped-438079154_7244428125680349_1223899737435675660_n-e1731452417653.jpg","width":125,"height":100,"caption":"HM Torx"},"image":{"@id":"https:\/\/hmtorx.com\/#\/schema\/logo\/image\/"},"sameAs":["https:\/\/www.facebook.com\/share\/19LMwmMfxk\/","https:\/\/www.instagram.com\/hmtorx?igsh=MW5sOWNqMjc5MmRrag=="]}]}},"jetpack_sharing_enabled":true,"_links":{"self":[{"href":"https:\/\/hmtorx.com\/index.php?rest_route=\/wp\/v2\/pages\/1081","targetHints":{"allow":["GET"]}}],"collection":[{"href":"https:\/\/hmtorx.com\/index.php?rest_route=\/wp\/v2\/pages"}],"about":[{"href":"https:\/\/hmtorx.com\/index.php?rest_route=\/wp\/v2\/types\/page"}],"author":[{"embeddable":true,"href":"https:\/\/hmtorx.com\/index.php?rest_route=\/wp\/v2\/users\/1"}],"replies":[{"embeddable":true,"href":"https:\/\/hmtorx.com\/index.php?rest_route=%2Fwp%2Fv2%2Fcomments&post=1081"}],"version-history":[{"count":1,"href":"https:\/\/hmtorx.com\/index.php?rest_route=\/wp\/v2\/pages\/1081\/revisions"}],"predecessor-version":[{"id":1083,"href":"https:\/\/hmtorx.com\/index.php?rest_route=\/wp\/v2\/pages\/1081\/revisions\/1083"}],"wp:attachment":[{"href":"https:\/\/hmtorx.com\/index.php?rest_route=%2Fwp%2Fv2%2Fmedia&parent=1081"}],"curies":[{"name":"wp","href":"https:\/\/api.w.org\/{rel}","templated":true}]}}